{"id":81,"date":"2023-03-25T17:56:09","date_gmt":"2023-03-25T16:56:09","guid":{"rendered":"https:\/\/sophro-hypno-savoie.fr\/?page_id=81"},"modified":"2026-03-26T16:49:52","modified_gmt":"2026-03-26T15:49:52","slug":"tarifs","status":"publish","type":"page","link":"https:\/\/sophro-hypno-savoie.fr\/?page_id=81","title":{"rendered":"Tarifs"},"content":{"rendered":"\n<p><strong>Tarif des consultations :<br><\/strong><\/p>\n\n\n\n<ul>\n<li>Accompagnement individuel adulte : 65\u20ac (1h15)<\/li>\n\n\n\n<li>Accompagnement individuel Ado\/\u00e9tudiant : 60\u20ac (1h)<\/li>\n\n\n\n<li>Accompagnement couple : 70\u20ac (1h30)<\/li>\n\n\n\n<li>Atelier groupe : les tarifs varient en fonction de la th\u00e9matique et du temps, je vous invite \u00e0 visiter mes ateliers du moment<\/li>\n<\/ul>\n\n\n\n<p>Je ne fermerai jamais ma porte \u00e0 une personne qui est dans le besoin mais n\u2019a pas la possibilit\u00e9 de r\u00e9gler sa s\u00e9ance au tarif normal, nous d\u00e9terminerons ensemble un tarif en conscience si besoin.<\/p>\n\n\n\n<figure class=\"wp-block-gallery has-nested-images columns-default is-cropped wp-block-gallery-1 is-layout-flex wp-block-gallery-is-layout-flex\">\n<figure class=\"wp-block-image size-large\"><img loading=\"lazy\" decoding=\"async\" width=\"825\" height=\"545\" data-id=\"160\" src=\"https:\/\/sophro-hypno-savoie.fr\/wp-content\/uploads\/2023\/03\/waterlily-400955_1280.webp\" alt=\"\" class=\"wp-image-160\" srcset=\"https:\/\/sophro-hypno-savoie.fr\/wp-content\/uploads\/2023\/03\/waterlily-400955_1280.webp 825w, https:\/\/sophro-hypno-savoie.fr\/wp-content\/uploads\/2023\/03\/waterlily-400955_1280-300x198.webp 300w, https:\/\/sophro-hypno-savoie.fr\/wp-content\/uploads\/2023\/03\/waterlily-400955_1280-768x507.webp 768w\" sizes=\"(max-width: 825px) 100vw, 825px\" \/><\/figure>\n<\/figure>\n","protected":false},"excerpt":{"rendered":"<p>Tarif des consultations : Je ne fermerai jamais ma porte \u00e0 une personne qui est dans le besoin mais n\u2019a pas la possibilit\u00e9 de r\u00e9gler sa s\u00e9ance au tarif normal, nous d\u00e9terminerons ensemble un tarif en conscience si besoin.<\/p>\n","protected":false},"author":2,"featured_media":0,"parent":0,"menu_order":0,"comment_status":"closed","ping_status":"closed","template":"","meta":{"footnotes":""},"tags":[],"aioseo_notices":[],"jetpack_sharing_enabled":true,"_links":{"self":[{"href":"https:\/\/sophro-hypno-savoie.fr\/index.php?rest_route=\/wp\/v2\/pages\/81"}],"collection":[{"href":"https:\/\/sophro-hypno-savoie.fr\/index.php?rest_route=\/wp\/v2\/pages"}],"about":[{"href":"https:\/\/sophro-hypno-savoie.fr\/index.php?rest_route=\/wp\/v2\/types\/page"}],"author":[{"embeddable":true,"href":"https:\/\/sophro-hypno-savoie.fr\/index.php?rest_route=\/wp\/v2\/users\/2"}],"replies":[{"embeddable":true,"href":"https:\/\/sophro-hypno-savoie.fr\/index.php?rest_route=%2Fwp%2Fv2%2Fcomments&post=81"}],"version-history":[{"count":4,"href":"https:\/\/sophro-hypno-savoie.fr\/index.php?rest_route=\/wp\/v2\/pages\/81\/revisions"}],"predecessor-version":[{"id":245,"href":"https:\/\/sophro-hypno-savoie.fr\/index.php?rest_route=\/wp\/v2\/pages\/81\/revisions\/245"}],"wp:attachment":[{"href":"https:\/\/sophro-hypno-savoie.fr\/index.php?rest_route=%2Fwp%2Fv2%2Fmedia&parent=81"}],"wp:term":[{"taxonomy":"post_tag","embeddable":true,"href":"https:\/\/sophro-hypno-savoie.fr\/index.php?rest_route=%2Fwp%2Fv2%2Ftags&post=81"}],"curies":[{"name":"wp","href":"https:\/\/api.w.org\/{rel}","templated":true}]}}