{"id":79,"date":"2023-03-25T17:56:09","date_gmt":"2023-03-25T16:56:09","guid":{"rendered":"https:\/\/sophro-hypno-savoie.fr\/?page_id=79"},"modified":"2026-03-26T16:49:38","modified_gmt":"2026-03-26T15:49:38","slug":"livre-dor","status":"publish","type":"page","link":"https:\/\/sophro-hypno-savoie.fr\/?page_id=79","title":{"rendered":"Livre d&#8217;or"},"content":{"rendered":"\n<blockquote class=\"wp-block-quote has-pale-cyan-blue-background-color has-background\">\n<p>Nous consultons Virginie avec ma compagne. Elle nous a aid\u00e9 \u00e0 mieux comprendre nos diff\u00e9rences et \u00e0 am\u00e9liorer notre communication. Gr\u00e2ce \u00e0 ses conseils et \u00e0 ses exercices pratiques, nous avons r\u00e9ussi \u00e0 surmonter les obstacles que nous avions rencontr\u00e9s dans notre relation. Nous avons beaucoup appr\u00e9ci\u00e9 son approche bienveillante, sa grande \u00e9coute et sa comp\u00e9tence professionnelle.<\/p>\n<cite>david a. (avis extrait de Medoucine)<\/cite><\/blockquote>\n\n\n\n<blockquote class=\"wp-block-quote has-pale-cyan-blue-background-color has-background\">\n<p>Virginie est une excellente th\u00e9rapeute , elle est \u00e0 l\u2019\u00e9coute, dans une relation de dialogue et a un grand sens des relations humaines. Elle dispose de nombreux outils et connaissances, elle est constamment en recherche pour nous aider au mieux. Au cours des s\u00e9ances, on apprend des techniques ainsi qu\u2019\u00e0 utiliser des outils adapt\u00e9s \u00e0 nos besoins. Elle nous accompagne vers plus d\u2019autonomie. Je la recommande vivement.<\/p>\n<cite>chrystelle p. (avis extrait de Medoucine)<\/cite><\/blockquote>\n\n\n\n<p class=\"has-pale-cyan-blue-background-color has-background\">Une th\u00e9rapeute \u00e0 l&#8217;\u00e9coute, remplie de bienveillance, de douceur et d&#8217;attention, une vraie belle personne qui sait trouver les mots et outils adapt\u00e9s pour nous aider \u00e0 avancer dans les difficult\u00e9s de\u00a0la vie et nous faire \u00e9voluer positivement. Merci Virginie pour votre suivi \u2600\ufe0f M Juilhard (extrait pages jaunes)<\/p>\n\n\n\n<p class=\"has-text-align-left has-pale-cyan-blue-background-color has-background\">Virginie m&#8217;a permis d&#8217;approfondir la connaissance du soi, et du l\u00e2cher-prise \u00e0 la perfection. Toujours avec un accueil chaleureux, on se lasse aller \u00e0 travers la s\u00e9ance pour en ressortir en meilleur\u00a0forme que lorsque l&#8217;on est rentr\u00e9. Son professionnalisme permet d&#8217;avoir confiance en elle, car il faut savoir s&#8217;ouvrir et se d\u00e9voiler sur son intimit\u00e9. Excellent travail.  Haelbrecht (extrait pages jaunes)<\/p>\n\n\n\n<p class=\"has-pale-cyan-blue-background-color has-background\">Une amie m&#8217;a conseill\u00e9 Virginie, je ne regrette pas d avoir pass\u00e9 sa porte. je ne savais pas par quoi commencer &#8230; Virginie a su prendre les diff\u00e9rentes probl\u00e9matiques et maintenant nous travaillons m\u00e9thodiquement avec des approches diff\u00e9rentes. Cela me convient, m aide au quotidien et pour mon projet professionnel futur.\u00a0Virginie est tr\u00e8s agr\u00e9able souriante et r\u00e9pond toujours \u00e0 mes appels.\u00a0Je suis tr\u00e8s heureuse d avoir pu rencontrer une personne bienveillante comme elle. P Demourgues (extrait pages jaunes)<\/p>\n\n\n\n<p class=\"has-pale-cyan-blue-background-color has-background\">J&#8217;ai vu Virginie \u00e0 plusieurs reprises, en individuel et en s\u00e9ance de groupe, elle\u00a0sait nous mettre \u00e0 l&#8217;aise et en confiance, son travail est de qualit\u00e9. Elle est tr\u00e8s \u00e0 l&#8217;\u00e9coute et nous aide \u00e0 d\u00e9bloquer des situations, des conflits int\u00e9rieurs. Elle est tr\u00e8s disponible et r\u00e9pond rapidement lorsqu&#8217;on a besoin d&#8217;elle. Je recommande vivement cette th\u00e9rapeute. I.Caillere (extrait page jaunes)<\/p>\n\n\n\n<p class=\"has-pale-cyan-blue-background-color has-background\">Virginie un grand merci pour ton aide Tes s\u00e9ances m\u2019ont \u00e9t\u00e9 d\u2019une aide pr\u00e9cieuse et m\u2019ont permis d\u2019avancer. Aussi bien avec la sophrologie qu\u2019avec l\u2019hypnose. J\u2019ai appr\u00e9ci\u00e9 aussi bien les cours en groupe que les s\u00e9ances en duo. Je souhaite \u00e0 tous ceux qui le souhaitent de te rencontrer afin de trouver des r\u00e9ponses \u00e0 leurs questions et \u00e0 trouver, un \u00e9quilibre et de l\u2019apaisement.\u00a0Merci \u00e0 toi et merci pour ton \u00e9nergie et ta bienveillance. A Smith (extrait pages jaunes)<\/p>\n\n\n\n<p class=\"has-pale-cyan-blue-background-color has-background\">Ce n&#8217;est pas par hasard si vous lisez mon commentaire sur cette fantastique th\u00e9rapeute. Je pr\u00e9cise que je ne suis pas r\u00e9mun\u00e9r\u00e9 pour \u00e9crire cet avis, mais je veux juste vous montrer toute la gratitude que j&#8217;ai envers Virginie. Elle a su m&#8217;apporter la lumi\u00e8re, l&#8217;\u00e9clairage, me guider et m&#8217;apporter tous les outils n\u00e9cessaires pour me conduire jusqu&#8217;\u00e0 Moi-m\u00eame. J&#8217;ai v\u00e9cu un changement formidable dans ma fa\u00e7on de vivre au quotidien avec mes proches et au travail. Et c&#8217;est du travail personnel aussi pour en arriver l\u00e0, mais vous avez d\u00e9j\u00e0 fait le premier pas, et bien plus en lisant mon avis. Faites-vous confiance, n&#8217;h\u00e9sitez pas \u00e0 prendre contact avec Virginie,\u00a0vous sentirez toute la bienveillance de son c\u0153ur. Elle est toujours disponible,\u00a0elle sait \u00eatre \u00e0 l&#8217;\u00e9coute\u00a0et vous proposez les bonnes solutions. Vous serez toujours bien accueilli. Bonne route en sa compagnie. S. Kowalkzick (extrait pages jaunes)<\/p>\n\n\n\n<p class=\"has-pale-cyan-blue-background-color has-background\">Virginie est une excellente th\u00e9rapeute, qui\u00a0sait tr\u00e8s rapidement cerner la source de la probl\u00e9matique. Elle a su\u00a0nous mettre \u00e0 l\u2019aise, mon compagnon et moi, lors de nos s\u00e9ances de couple, et nous aider \u00e0 d\u00e9bloquer des situations qui me paraissaient insurmontables. Je continue de la voir pour des s\u00e9ances individuelles et je la recommande vivement AL Poulet (Extrait pages jaunes)<\/p>\n\n\n\n<p><\/p>\n\n\n\n<div class=\"wp-block-comments\">\n\n\n\n<\/div>\n","protected":false},"excerpt":{"rendered":"<p>Nous consultons Virginie avec ma compagne. Elle nous a aid\u00e9 \u00e0 mieux comprendre nos diff\u00e9rences et \u00e0 am\u00e9liorer notre communication. Gr\u00e2ce \u00e0 ses conseils et \u00e0 ses exercices pratiques, nous avons r\u00e9ussi \u00e0 surmonter les obstacles que nous avions rencontr\u00e9s dans notre relation. Nous avons beaucoup appr\u00e9ci\u00e9 son approche bienveillante, sa grande \u00e9coute et sa&hellip; <a href=\"https:\/\/sophro-hypno-savoie.fr\/?page_id=79\" class=\"more-link\">Continue reading <span class=\"screen-reader-text\">Livre d&#8217;or<\/span><\/a><\/p>\n","protected":false},"author":1,"featured_media":0,"parent":0,"menu_order":0,"comment_status":"open","ping_status":"closed","template":"","meta":{"footnotes":""},"tags":[],"aioseo_notices":[],"jetpack_sharing_enabled":true,"_links":{"self":[{"href":"https:\/\/sophro-hypno-savoie.fr\/index.php?rest_route=\/wp\/v2\/pages\/79"}],"collection":[{"href":"https:\/\/sophro-hypno-savoie.fr\/index.php?rest_route=\/wp\/v2\/pages"}],"about":[{"href":"https:\/\/sophro-hypno-savoie.fr\/index.php?rest_route=\/wp\/v2\/types\/page"}],"author":[{"embeddable":true,"href":"https:\/\/sophro-hypno-savoie.fr\/index.php?rest_route=\/wp\/v2\/users\/1"}],"replies":[{"embeddable":true,"href":"https:\/\/sophro-hypno-savoie.fr\/index.php?rest_route=%2Fwp%2Fv2%2Fcomments&post=79"}],"version-history":[{"count":8,"href":"https:\/\/sophro-hypno-savoie.fr\/index.php?rest_route=\/wp\/v2\/pages\/79\/revisions"}],"predecessor-version":[{"id":266,"href":"https:\/\/sophro-hypno-savoie.fr\/index.php?rest_route=\/wp\/v2\/pages\/79\/revisions\/266"}],"wp:attachment":[{"href":"https:\/\/sophro-hypno-savoie.fr\/index.php?rest_route=%2Fwp%2Fv2%2Fmedia&parent=79"}],"wp:term":[{"taxonomy":"post_tag","embeddable":true,"href":"https:\/\/sophro-hypno-savoie.fr\/index.php?rest_route=%2Fwp%2Fv2%2Ftags&post=79"}],"curies":[{"name":"wp","href":"https:\/\/api.w.org\/{rel}","templated":true}]}}