{"id":78,"date":"2023-03-25T17:56:09","date_gmt":"2023-03-25T16:56:09","guid":{"rendered":"https:\/\/sophro-hypno-savoie.fr\/?page_id=78"},"modified":"2026-03-26T16:50:27","modified_gmt":"2026-03-26T15:50:27","slug":"psychogenealogie","status":"publish","type":"page","link":"https:\/\/sophro-hypno-savoie.fr\/?page_id=78","title":{"rendered":"Psychog\u00e9n\u00e9alogie"},"content":{"rendered":"\n<p>L\u2019analyse transg\u00e9n\u00e9rationnelle est aussi appel\u00e9e psychog\u00e9n\u00e9alogie, elle part du principe que notre sant\u00e9 psychique et physique peut \u00eatre affect\u00e9e par les probl\u00e8mes familiaux anciens, faisant partie de notre h\u00e9ritage g\u00e9n\u00e9alogique. Les secrets de famille, sc\u00e9narios r\u00e9p\u00e9titifs, traumas se transmettent par m\u00e9moire inconsciente de g\u00e9n\u00e9ration en g\u00e9n\u00e9ration. Se lib\u00e9rer des \u00ab&nbsp;fant\u00f4mes&nbsp;\u00bb familiaux que nous portons est parfois n\u00e9cessaire pour retrouver sa libert\u00e9 d\u2019\u00eatre et de penser pour ne plus \u00eatre impact\u00e9 par des m\u00e9moires qui ne nous appartiennent pas et nous emp\u00eachent d\u2019avancer dans la vie. L\u2019objectif est de remonter \u00e0 la source, au centre du traumatisme h\u00e9rit\u00e9 afin de lib\u00e9rer et r\u00e9parer les m\u00e9moires des g\u00e9n\u00e9rations futures. Il n\u2019est pas toujours n\u00e9cessaire de conna\u00eetre l\u2019histoire de nos anc\u00eatres pour s\u2019en lib\u00e9rer puisque nous travaillons avec l\u2019inconscient qui nous guide l\u00e0 o\u00f9 il est n\u00e9cessaire d\u2019aller.<\/p>\n\n\n\n<p>J\u2019utilise le g\u00e9nosociogramme et les constellations familiales (en s\u00e9ance individuelle et en groupe), et en visualisation sous conscience modifi\u00e9e (Sophro-Analyse, ou Hypnose Spirituelle), et des rituelles de lib\u00e9ration.<\/p>\n\n\n\n<figure class=\"wp-block-gallery has-nested-images columns-default is-cropped wp-block-gallery-1 is-layout-flex wp-block-gallery-is-layout-flex\">\n<figure class=\"wp-block-image size-large\"><img loading=\"lazy\" decoding=\"async\" width=\"511\" height=\"1023\" data-id=\"153\" src=\"https:\/\/sophro-hypno-savoie.fr\/wp-content\/uploads\/2023\/03\/atelier-transgene.webp\" alt=\"\" class=\"wp-image-153\" srcset=\"https:\/\/sophro-hypno-savoie.fr\/wp-content\/uploads\/2023\/03\/atelier-transgene.webp 511w, https:\/\/sophro-hypno-savoie.fr\/wp-content\/uploads\/2023\/03\/atelier-transgene-150x300.webp 150w\" sizes=\"(max-width: 511px) 100vw, 511px\" \/><\/figure>\n<\/figure>\n","protected":false},"excerpt":{"rendered":"<p>L\u2019analyse transg\u00e9n\u00e9rationnelle est aussi appel\u00e9e psychog\u00e9n\u00e9alogie, elle part du principe que notre sant\u00e9 psychique et physique peut \u00eatre affect\u00e9e par les probl\u00e8mes familiaux anciens, faisant partie de notre h\u00e9ritage g\u00e9n\u00e9alogique. Les secrets de famille, sc\u00e9narios r\u00e9p\u00e9titifs, traumas se transmettent par m\u00e9moire inconsciente de g\u00e9n\u00e9ration en g\u00e9n\u00e9ration. Se lib\u00e9rer des \u00ab&nbsp;fant\u00f4mes&nbsp;\u00bb familiaux que nous portons est&hellip; <a href=\"https:\/\/sophro-hypno-savoie.fr\/?page_id=78\" class=\"more-link\">Continue reading <span class=\"screen-reader-text\">Psychog\u00e9n\u00e9alogie<\/span><\/a><\/p>\n","protected":false},"author":2,"featured_media":0,"parent":58,"menu_order":0,"comment_status":"closed","ping_status":"closed","template":"","meta":{"footnotes":""},"tags":[],"aioseo_notices":[],"jetpack_sharing_enabled":true,"_links":{"self":[{"href":"https:\/\/sophro-hypno-savoie.fr\/index.php?rest_route=\/wp\/v2\/pages\/78"}],"collection":[{"href":"https:\/\/sophro-hypno-savoie.fr\/index.php?rest_route=\/wp\/v2\/pages"}],"about":[{"href":"https:\/\/sophro-hypno-savoie.fr\/index.php?rest_route=\/wp\/v2\/types\/page"}],"author":[{"embeddable":true,"href":"https:\/\/sophro-hypno-savoie.fr\/index.php?rest_route=\/wp\/v2\/users\/2"}],"replies":[{"embeddable":true,"href":"https:\/\/sophro-hypno-savoie.fr\/index.php?rest_route=%2Fwp%2Fv2%2Fcomments&post=78"}],"version-history":[{"count":3,"href":"https:\/\/sophro-hypno-savoie.fr\/index.php?rest_route=\/wp\/v2\/pages\/78\/revisions"}],"predecessor-version":[{"id":155,"href":"https:\/\/sophro-hypno-savoie.fr\/index.php?rest_route=\/wp\/v2\/pages\/78\/revisions\/155"}],"up":[{"embeddable":true,"href":"https:\/\/sophro-hypno-savoie.fr\/index.php?rest_route=\/wp\/v2\/pages\/58"}],"wp:attachment":[{"href":"https:\/\/sophro-hypno-savoie.fr\/index.php?rest_route=%2Fwp%2Fv2%2Fmedia&parent=78"}],"wp:term":[{"taxonomy":"post_tag","embeddable":true,"href":"https:\/\/sophro-hypno-savoie.fr\/index.php?rest_route=%2Fwp%2Fv2%2Ftags&post=78"}],"curies":[{"name":"wp","href":"https:\/\/api.w.org\/{rel}","templated":true}]}}