{"id":75,"date":"2023-03-25T17:56:09","date_gmt":"2023-03-25T16:56:09","guid":{"rendered":"https:\/\/sophro-hypno-savoie.fr\/?page_id=75"},"modified":"2026-03-26T16:04:40","modified_gmt":"2026-03-26T15:04:40","slug":"hypnose-spirituelle-et-symbolique","status":"publish","type":"page","link":"https:\/\/sophro-hypno-savoie.fr\/?page_id=75","title":{"rendered":"Hypnose spirituelle et symbolique"},"content":{"rendered":"\n<p class=\"has-pale-cyan-blue-background-color has-background\">L\u2019hypnose spirituelle et symbolique permet d\u2019explorer les dimensions plus profondes et subtiles de votre \u00eatre.  Cette technique permet une vision holistique de l\u2019existence.<br>Elle peut ouvrir l\u2019acc\u00e8s \u00e0 des symboles, des images int\u00e9rieures, des m\u00e9moires inconscientes ou transg\u00e9n\u00e9rationnelles, des compr\u00e9hensions plus larges de votre parcours.<br>Cette approche s\u2019adresse particuli\u00e8rement aux personnes sensibles \u00e0 une dimension plus intuitive ou spirituelle.<br>Elle permet de donner du sens, de lib\u00e9rer certains blocages et de se reconnecter \u00e0 une dimension plus vaste de soi.<\/p>\n\n\n\n<p><br><strong>\ud83c\udf3f Approche intuitive (oracles &amp; ressentis)<\/strong><br>Dans certaines s\u00e9ances, si cela vous correspond, j\u2019int\u00e8gre une dimension plus intuitive \u00e0 travers :<br>mes ressentis, et l\u2019utilisation d\u2019oracles en fin de s\u00e9ance.<br>Ces supports viennent \u00e9clairer, confirmer ou ouvrir des pistes de r\u00e9flexion, toujours en lien avec ce qui a \u00e9t\u00e9 travaill\u00e9 ensemble.<br>Ils ne remplacent pas le travail th\u00e9rapeutique, mais viennent comme un compl\u00e9ment symbolique et intuitif, dans le respect total de vos croyances.<\/p>\n\n\n\n<p>Chaque outil est une porte d\u2019entr\u00e9e diff\u00e9rente, mais l\u2019objectif reste le m\u00eame :<br>vous accompagner vers plus de compr\u00e9hension, de lib\u00e9ration et d\u2019alignement.<\/p>\n\n\n\n<p><br>\u201cLib\u00e9rez vos blocages, explorez vos profondeurs et laissez votre vraie lumi\u00e8re int\u00e9rieure se r\u00e9v\u00e9ler.\u201d\u00a0<\/p>\n\n\n\n<figure class=\"wp-block-gallery has-nested-images columns-default is-cropped wp-block-gallery-1 is-layout-flex wp-block-gallery-is-layout-flex\">\n<figure class=\"wp-block-image size-large\"><img loading=\"lazy\" decoding=\"async\" width=\"760\" height=\"760\" data-id=\"149\" src=\"https:\/\/sophro-hypno-savoie.fr\/wp-content\/uploads\/2023\/03\/12088367_10154342115239546_6090204018966714985_n.jpg\" alt=\"\" class=\"wp-image-149\" srcset=\"https:\/\/sophro-hypno-savoie.fr\/wp-content\/uploads\/2023\/03\/12088367_10154342115239546_6090204018966714985_n.jpg 760w, https:\/\/sophro-hypno-savoie.fr\/wp-content\/uploads\/2023\/03\/12088367_10154342115239546_6090204018966714985_n-300x300.jpg 300w, https:\/\/sophro-hypno-savoie.fr\/wp-content\/uploads\/2023\/03\/12088367_10154342115239546_6090204018966714985_n-150x150.jpg 150w, https:\/\/sophro-hypno-savoie.fr\/wp-content\/uploads\/2023\/03\/12088367_10154342115239546_6090204018966714985_n-180x180.jpg 180w\" sizes=\"(max-width: 760px) 100vw, 760px\" \/><\/figure>\n<\/figure>\n","protected":false},"excerpt":{"rendered":"<p>L\u2019hypnose spirituelle et symbolique permet d\u2019explorer les dimensions plus profondes et subtiles de votre \u00eatre. Cette technique permet une vision holistique de l\u2019existence.Elle peut ouvrir l\u2019acc\u00e8s \u00e0 des symboles, des images int\u00e9rieures, des m\u00e9moires inconscientes ou transg\u00e9n\u00e9rationnelles, des compr\u00e9hensions plus larges de votre parcours.Cette approche s\u2019adresse particuli\u00e8rement aux personnes sensibles \u00e0 une dimension plus intuitive&hellip; <a href=\"https:\/\/sophro-hypno-savoie.fr\/?page_id=75\" class=\"more-link\">Continue reading <span class=\"screen-reader-text\">Hypnose spirituelle et symbolique<\/span><\/a><\/p>\n","protected":false},"author":2,"featured_media":0,"parent":58,"menu_order":0,"comment_status":"closed","ping_status":"closed","template":"","meta":{"footnotes":""},"tags":[],"aioseo_notices":[],"jetpack_sharing_enabled":true,"_links":{"self":[{"href":"https:\/\/sophro-hypno-savoie.fr\/index.php?rest_route=\/wp\/v2\/pages\/75"}],"collection":[{"href":"https:\/\/sophro-hypno-savoie.fr\/index.php?rest_route=\/wp\/v2\/pages"}],"about":[{"href":"https:\/\/sophro-hypno-savoie.fr\/index.php?rest_route=\/wp\/v2\/types\/page"}],"author":[{"embeddable":true,"href":"https:\/\/sophro-hypno-savoie.fr\/index.php?rest_route=\/wp\/v2\/users\/2"}],"replies":[{"embeddable":true,"href":"https:\/\/sophro-hypno-savoie.fr\/index.php?rest_route=%2Fwp%2Fv2%2Fcomments&post=75"}],"version-history":[{"count":3,"href":"https:\/\/sophro-hypno-savoie.fr\/index.php?rest_route=\/wp\/v2\/pages\/75\/revisions"}],"predecessor-version":[{"id":258,"href":"https:\/\/sophro-hypno-savoie.fr\/index.php?rest_route=\/wp\/v2\/pages\/75\/revisions\/258"}],"up":[{"embeddable":true,"href":"https:\/\/sophro-hypno-savoie.fr\/index.php?rest_route=\/wp\/v2\/pages\/58"}],"wp:attachment":[{"href":"https:\/\/sophro-hypno-savoie.fr\/index.php?rest_route=%2Fwp%2Fv2%2Fmedia&parent=75"}],"wp:term":[{"taxonomy":"post_tag","embeddable":true,"href":"https:\/\/sophro-hypno-savoie.fr\/index.php?rest_route=%2Fwp%2Fv2%2Ftags&post=75"}],"curies":[{"name":"wp","href":"https:\/\/api.w.org\/{rel}","templated":true}]}}