{"id":74,"date":"2023-03-25T17:56:09","date_gmt":"2023-03-25T16:56:09","guid":{"rendered":"https:\/\/sophro-hypno-savoie.fr\/?page_id=74"},"modified":"2026-03-26T16:04:20","modified_gmt":"2026-03-26T15:04:20","slug":"hypnose-ericksonienne","status":"publish","type":"page","link":"https:\/\/sophro-hypno-savoie.fr\/?page_id=74","title":{"rendered":"Hypnose Ericksonienne"},"content":{"rendered":"\n<p>L\u2019hypnose Ericksonienne est une <strong>approche douce et respectueuse,<\/strong> qui permet d\u2019acc\u00e9der \u00e0 votre inconscient, l\u00e0 o\u00f9 se trouvent vos ressources, vos blocages\u2026 mais aussi vos capacit\u00e9s de transformation.<br>Contrairement aux id\u00e9es re\u00e7ues, il ne s\u2019agit pas de perdre le contr\u00f4le, mais au contraire de revenir \u00e0 soi, dans un \u00e9tat de conscience modifi\u00e9e naturel, proche de ces moments o\u00f9 l\u2019on est \u201cailleurs\u201d tout en \u00e9tant pleinement pr\u00e9sent.<br>Dans cet espace, l\u2019inconscient devient accessible. Il peut alors :<br>Lib\u00e9rer des sch\u00e9mas limitants, apaiser des \u00e9motions, transformer des comportements, r\u00e9activer vos ressources profondes.<\/p>\n\n\n\n<p><strong>Mon approche de l\u2019hypnose :<\/strong><br>Dans ma pratique, l\u2019hypnose Ericksonienne s\u2019int\u00e8gre dans une approche globale, analytique et intuitive.<br>Chaque s\u00e9ance est unique : je m\u2019adapte \u00e0 votre sensibilit\u00e9, \u00e0 votre histoire et \u00e0 ce qui \u00e9merge dans l\u2019instant.<br>Selon vos besoins, j\u2019associe l\u2019hypnose \u00e0 d\u2019autres outils comme :<br>la sophro-analyse, pour explorer l\u2019origine des blocages, la PNL, pour modifier les sch\u00e9mas de pens\u00e9e,<br>l\u2019EFT ou l\u2019EMDR, pour lib\u00e9rer les charges \u00e9motionnelles, ou encore des approches plus intuitives, si cela r\u00e9sonne pour vous.<br>Je ne force jamais l\u2019entr\u00e9e en hypnose : tout se fait dans le respect de votre rythme, de votre s\u00e9curit\u00e9 int\u00e9rieure et de votre volont\u00e9.<\/p>\n\n\n\n<p class=\"has-black-color has-text-color has-link-color wp-elements-70a2074ba47ced9879777c5bb13b8af1\"><strong>Pourquoi faire une s\u00e9ance d\u2019hypnose ?<\/strong><br>L\u2019hypnose peut vous accompagner dans de nombreuses situations :<br>gestion du stress et des \u00e9motions, anxi\u00e9t\u00e9, peurs, phobies, manque de confiance en soi, sch\u00e9mas r\u00e9p\u00e9titifs, pr\u00e9paration \u00e0 un \u00e9v\u00e9nement (examen, prise de parole, intervention m\u00e9dicale\u2026), besoin de comprendre et transformer des blocages plus profonds.<br>Elle permet aussi d\u2019explorer \u201cpourquoi \u00e7a va mal\u201d ou de travailler sur \u201ccomment aller mieux\u201d, selon ce qui est juste pour vous.<\/p>\n\n\n\n<p class=\"has-light-green-cyan-background-color has-background\"><strong>Un voyage int\u00e9rieur guid\u00e9<\/strong><br>Chaque s\u00e9ance est une invitation \u00e0 explorer vos profondeurs en toute s\u00e9curit\u00e9, \u00e0 \u00e9couter ce qui se joue en vous\u2026<br>et \u00e0 laisser \u00e9merger, \u00e0 votre rythme, les cl\u00e9s de votre transformation.<br>\u201cLib\u00e9rez vos blocages, explorez vos profondeurs et laissez votre vraie lumi\u00e8re int\u00e9rieure se r\u00e9v\u00e9ler.\u201d<\/p>\n","protected":false},"excerpt":{"rendered":"<p>L\u2019hypnose Ericksonienne est une approche douce et respectueuse, qui permet d\u2019acc\u00e9der \u00e0 votre inconscient, l\u00e0 o\u00f9 se trouvent vos ressources, vos blocages\u2026 mais aussi vos capacit\u00e9s de transformation.Contrairement aux id\u00e9es re\u00e7ues, il ne s\u2019agit pas de perdre le contr\u00f4le, mais au contraire de revenir \u00e0 soi, dans un \u00e9tat de conscience modifi\u00e9e naturel, proche de&hellip; <a href=\"https:\/\/sophro-hypno-savoie.fr\/?page_id=74\" class=\"more-link\">Continue reading <span class=\"screen-reader-text\">Hypnose Ericksonienne<\/span><\/a><\/p>\n","protected":false},"author":2,"featured_media":0,"parent":58,"menu_order":0,"comment_status":"closed","ping_status":"closed","template":"","meta":{"footnotes":""},"tags":[],"aioseo_notices":[],"jetpack_sharing_enabled":true,"_links":{"self":[{"href":"https:\/\/sophro-hypno-savoie.fr\/index.php?rest_route=\/wp\/v2\/pages\/74"}],"collection":[{"href":"https:\/\/sophro-hypno-savoie.fr\/index.php?rest_route=\/wp\/v2\/pages"}],"about":[{"href":"https:\/\/sophro-hypno-savoie.fr\/index.php?rest_route=\/wp\/v2\/types\/page"}],"author":[{"embeddable":true,"href":"https:\/\/sophro-hypno-savoie.fr\/index.php?rest_route=\/wp\/v2\/users\/2"}],"replies":[{"embeddable":true,"href":"https:\/\/sophro-hypno-savoie.fr\/index.php?rest_route=%2Fwp%2Fv2%2Fcomments&post=74"}],"version-history":[{"count":5,"href":"https:\/\/sophro-hypno-savoie.fr\/index.php?rest_route=\/wp\/v2\/pages\/74\/revisions"}],"predecessor-version":[{"id":252,"href":"https:\/\/sophro-hypno-savoie.fr\/index.php?rest_route=\/wp\/v2\/pages\/74\/revisions\/252"}],"up":[{"embeddable":true,"href":"https:\/\/sophro-hypno-savoie.fr\/index.php?rest_route=\/wp\/v2\/pages\/58"}],"wp:attachment":[{"href":"https:\/\/sophro-hypno-savoie.fr\/index.php?rest_route=%2Fwp%2Fv2%2Fmedia&parent=74"}],"wp:term":[{"taxonomy":"post_tag","embeddable":true,"href":"https:\/\/sophro-hypno-savoie.fr\/index.php?rest_route=%2Fwp%2Fv2%2Ftags&post=74"}],"curies":[{"name":"wp","href":"https:\/\/api.w.org\/{rel}","templated":true}]}}